{"id":44099,"date":"2022-02-21T16:04:58","date_gmt":"2022-02-21T15:04:58","guid":{"rendered":"https:\/\/help.animana.com\/browse-help\/"},"modified":"2025-01-27T12:19:13","modified_gmt":"2025-01-27T11:19:13","slug":"hilfe-durchsuchen","status":"publish","type":"page","link":"https:\/\/help.animana.com\/de\/hilfe-durchsuchen\/","title":{"rendered":"Hilfe durchsuchen"},"content":{"rendered":"<h1>Willkommen in der Animana-Wissensdatenbank<\/h1>\n<p>Am besten finden Sie Antworten auf Ihre Fragen \u00fcber das obige Suchfeld, aber wenn Sie einfach nur durch unsere Artikel bl\u00e4ttern oder den Inhalt nach Themen sortiert ansehen m\u00f6chten, ist diese Seite genau das Richtige f\u00fcr Sie. Auf dieser Seite finden Sie nicht nur Inhalte nach Themen geordnet (wenn Sie z. B. alles \u00fcber automatische Erinnerungen wissen m\u00f6chten), sondern Sie k\u00f6nnen auch unsere popul\u00e4rsten und am h\u00e4ufigsten angesehenen Themen nachlesen.<\/p>\n<div class=\"su-spacer\" style=\"height:50px\"><\/div>\n<h2>Empfohlener Inhalt<\/h2>\n<p>Unsere handverlesene Liste mit den popul\u00e4rsten Artikeln.<br \/>\n<div class=\"su-row\">\n<div class=\"su-column su-column-size-1-4\"><div class=\"su-column-inner su-u-clearfix su-u-trim\">\n<img decoding=\"async\" class=\"svg-color-accent\" src=\"\/wp-content\/themes\/knowall-idexx\/img\/icon-svg-fire-outline.svg\" \/><br \/>\n<\/div><\/div>\n<div class=\"su-column su-column-size-3-4 kb-home-lists\"><div class=\"su-column-inner su-u-clearfix su-u-trim\">\n<ul class=\"list-popular\">\n<li>\n<p id=\"the-pasted-async\"><a href=\"https:\/\/help.animana.com\/de\/kb\/in-focus-myidexx-de\/\">In focus: MyIDEXX<\/a><\/p>\n<\/li>\n<li>\n<p id=\"the-pasted-async\"><a href=\"\/de\/kb\/in-focus-erfolgreiche-versendung-von-e-mails\/\">In focus: Erfolgreiche Versendung von E-Mails<\/a><\/p>\n<\/li>\n<li><a href=\"https:\/\/help.animana.com\/de\/kb\/in-focus-neue-gebuehrenordnung\/\">In focus: Neue Geb\u00fchrenordnung<\/a><\/li>\n<li><a href=\"\/de\/kb\/in-focus-abwicklung-einer-zahlung\/\">In focus: Abwicklung einer Zahlung<\/a><\/li>\n<li><a href=\"https:\/\/help.animana.com\/de\/kb\/einloggen-in-animana\/\">Einloggen in Animana<\/a><\/li>\n<li><a href=\"https:\/\/help.animana.com\/de\/kb\/gangige-grunde-fur-email-probleme\/\">G\u00e4ngige Gr\u00fcnde f\u00fcr E-Mail Probleme<\/a><\/li>\n<li><a href=\"https:\/\/help.animana.com\/de\/kb\/wie-kann-ich-kunden-mit-ausstehenden-rechnungen-ueberwachen\/\">Wie kann ich Kunden mit ausstehenden Rechnungen \u00fcberwachen?<\/a><\/li>\n<li><a href=\"https:\/\/help.animana.com\/de\/kb\/uberweisung-vom-kassenbestand-buchen-kasse-tresor\/\">\u00dcberweisung vom Kassenbestand buchen Kasse-Tresor<\/a><\/li>\n<li><a href=\"https:\/\/help.animana.com\/de\/kb\/wie-fuhre-ich-eine-gutschrift-fur-eine-vorhandene-rechnung-durch\/\">Wie f\u00fchre ich eine Gutschrift f\u00fcr eine vorhandene Rechnung durch?<\/a><\/li>\n<li><a href=\"https:\/\/help.animana.com\/de\/kb\/bookkeeping-year-transition\/\">Wie kann ich den Jahreswechsel in der Buchhaltung vollziehen?<\/a><\/li>\n<li><a href=\"https:\/\/help.animana.com\/kb\/how-do-i-uninstall-the-dicom-uploader\/\">How do I uninstall the DICOM uploader?<\/a><\/li>\n<li><a href=\"https:\/\/help.animana.com\/de\/kb\/web-agent\/\">How do I install the WebAgent and automatically start it upon startup?<\/a><\/li>\n<li><a href=\"https:\/\/help.animana.com\/de\/kb\/wie-erstelle-ich-eine-kontouebersicht\/\">Wie erstelle ich eine Konto\u00fcbersicht?<\/a><\/li>\n<\/ul>\n<\/div><\/div>\n<\/div>\n<div class=\"su-spacer\" style=\"height:30px\"><\/div>\n<h2>In-focus Seiten<\/h2>\n<p>Auf diesen Seiten sind alle unsere Lernressourcen nach Themen gruppiert.<br \/>\n<div class=\"su-row\">\n<div class=\"su-column su-column-size-1-4\"><div class=\"su-column-inner su-u-clearfix su-u-trim\">\n<img decoding=\"async\" class=\"svg-color-accent\" src=\"\/wp-content\/themes\/knowall-idexx\/img\/icon-svg-star-outline.svg\" \/><br \/>\n<\/div><\/div>\n<div class=\"su-column su-column-size-3-4 kb-home-lists\"><div class=\"su-column-inner su-u-clearfix su-u-trim\">\n<ul class=\"list-path\">\n<li><a href=\"https:\/\/help.animana.com\/de\/kb\/in-focus-datensicherheit\/\">In focus: Datensicherheit<\/a><\/li>\n<li><a href=\"\/de\/kb\/in-focus-erfolgreiche-versendung-von-e-mails\/\">In focus: Erfolgreiche Versendung von E-Mails<\/a><\/li>\n<li><a href=\"https:\/\/help.animana.com\/de\/kb\/in-focus-neue-gebuehrenordnung\/\">In focus: Neue Geb\u00fchrenordnung<\/a><\/li>\n<li><a href=\"\/de\/kb\/in-focus-abwicklung-einer-zahlung\/\">In focus: Abwicklung einer Zahlung<\/a><\/li>\n<li><a href=\"https:\/\/help.animana.com\/kb\/learning-path-diary-management\/\">Lernpfad: Agenda-Management (Englisch)<\/a><\/li>\n<li><a href=\"https:\/\/help.animana.com\/de\/kb\/lernweg-vorlagen-editor\/\">Lernweg: Vorlagen-Editor<\/a><\/li>\n<li><a href=\"https:\/\/help.animana.com\/kb\/learning-path-pet-health-plan\/\">Lernpfad: Gesundheitsplan (Englisch)<\/a><\/li>\n<li><a href=\"https:\/\/help.animana.com\/kb\/learning-path-day-overview\/\">Lernpfad: Tages\u00fcbersicht (Englisch)<\/a><\/li>\n<li><a href=\"https:\/\/help.animana.com\/kb\/learning-path-automated-reminders\/\">Lernpfad: Automatische Erinnerungen (Englisch)<\/a><\/li>\n<\/ul>\n<\/div><\/div>\n<\/div>\n<div class=\"su-spacer\" style=\"height:30px\"><\/div>\n<h2>Nach Kategorie suchen<\/h2>\n<p>Entdecken Sie das Wissen nach Bereichen oder Kategorien von Animana.<br \/>\n<div class=\"su-row\">\n<div class=\"su-column su-column-size-1-4\"><div class=\"su-column-inner su-u-clearfix su-u-trim\">\n<img decoding=\"async\" class=\"svg-color-accent\" src=\"\/wp-content\/themes\/knowall-idexx\/img\/icon-svg-network-outline.svg\" \/><br \/>\n<\/div><\/div>\n<div class=\"su-column su-column-size-3-4 kb-home-lists\"><div class=\"su-column-inner su-u-clearfix su-u-trim\">\n<ul class=\"list-categories\">\n<li><a href=\"https:\/\/help.animana.com\/de\/kb-categories\/einstellungen\/\">Einstellungen<\/a><\/li>\n<li><a href=\"https:\/\/help.animana.com\/de\/kb-categories\/erste-schritte\/\">Erste schritte<\/a><\/li>\n<li><a href=\"https:\/\/help.animana.com\/de\/kb-categories\/produkte-lager-bestellwesen\/\">Produkte lager bestellwesen<\/a><\/li>\n<li><a href=\"https:\/\/help.animana.com\/de\/kb-categories\/kundenkommunikation\/\">Kundenkommunikation<\/a><\/li>\n<li><a href=\"https:\/\/help.animana.com\/de\/kb-categories\/finanzbuchhaltung\/\">Finanzbuchhaltung<\/a><\/li>\n<li><a href=\"https:\/\/help.animana.com\/de\/kb-categories\/integration-de\/\">Integration<\/a><\/li>\n<li><a href=\"https:\/\/help.animana.com\/de\/kb-categories\/faq-de\/\">FAQ<\/a><\/li>\n<\/ul>\n<\/div><\/div>\n<\/div>\n","protected":false},"excerpt":{"rendered":"<p>Willkommen in der Animana-Wissensdatenbank Am besten finden Sie Antworten auf Ihre Fragen \u00fcber das obige Suchfeld, aber wenn Sie einfach nur durch unsere Artikel bl\u00e4ttern oder den Inhalt nach Themen sortiert ansehen m\u00f6chten, ist diese Seite genau das Richtige f\u00fcr Sie. Auf dieser Seite finden Sie nicht nur Inhalte nach&#8230;<\/p>\n","protected":false},"author":2,"featured_media":0,"parent":0,"menu_order":0,"comment_status":"closed","ping_status":"closed","template":"","meta":{"footnotes":""},"categories":[],"tags":[],"class_list":["post-44099","page","type-page","status-publish","hentry"],"_links":{"self":[{"href":"https:\/\/help.animana.com\/de\/wp-json\/wp\/v2\/pages\/44099","targetHints":{"allow":["GET"]}}],"collection":[{"href":"https:\/\/help.animana.com\/de\/wp-json\/wp\/v2\/pages"}],"about":[{"href":"https:\/\/help.animana.com\/de\/wp-json\/wp\/v2\/types\/page"}],"author":[{"embeddable":true,"href":"https:\/\/help.animana.com\/de\/wp-json\/wp\/v2\/users\/2"}],"replies":[{"embeddable":true,"href":"https:\/\/help.animana.com\/de\/wp-json\/wp\/v2\/comments?post=44099"}],"version-history":[{"count":3,"href":"https:\/\/help.animana.com\/de\/wp-json\/wp\/v2\/pages\/44099\/revisions"}],"predecessor-version":[{"id":53132,"href":"https:\/\/help.animana.com\/de\/wp-json\/wp\/v2\/pages\/44099\/revisions\/53132"}],"wp:attachment":[{"href":"https:\/\/help.animana.com\/de\/wp-json\/wp\/v2\/media?parent=44099"}],"wp:term":[{"taxonomy":"category","embeddable":true,"href":"https:\/\/help.animana.com\/de\/wp-json\/wp\/v2\/categories?post=44099"},{"taxonomy":"post_tag","embeddable":true,"href":"https:\/\/help.animana.com\/de\/wp-json\/wp\/v2\/tags?post=44099"}],"curies":[{"name":"wp","href":"https:\/\/api.w.org\/{rel}","templated":true}]}}