{"id":862,"date":"2014-07-28T11:45:01","date_gmt":"2014-07-28T11:45:01","guid":{"rendered":"https:\/\/help.animana.com\/?page_id=862"},"modified":"2025-06-16T15:03:36","modified_gmt":"2025-06-16T13:03:36","slug":"862-2","status":"publish","type":"page","link":"https:\/\/help.animana.com\/de\/","title":{"rendered":"Homepage"},"content":{"rendered":"\r\n<div class=\"hero-container full-width\">\r\n    <div class=\"hero-left\"><\/div>\r\n    <div class=\"hero-right\">\r\n        <div class=\"hero-content\">\r\n            <h1 class=\"hero-heading\">Wie k\u00f6nnen wir Ihnen helfen?<\/h1><div class='custom-search page-homepage'><form role=\"search\" method=\"get\" class=\"search-form\" action=\"https:\/\/help.animana.com\/de\/\" >\r\n         <label>\r\n            <span class=\"screen-reader-text\" for=\"s\"><\/span>\r\n            <input type=\"search\" class=\"search-field\" value=\"\" name=\"s\" id=\"s\" \/>\r\n         <\/label>\r\n         <input type=\"submit\" class=\"search-submit\" value=\"Suche\" \/>\r\n        <\/form><\/div>\r\n            <div class=\"page-home-search-list-wrap\">\r\n                Oder gehen Sie direkt auf\r\n<ul>\r\n    <li><a href=\"https:\/\/login.animana.com\">Bei Animana einloggen<\/a><\/li>\r\n    <li><a href=\"https:\/\/help.animana.com\/de\/kb\/in-focus-myidexx-de\/\">In focus: MyIDEXX<\/a><\/li>\r\n    <li><a href=\"https:\/\/help.animana.com\/de\/kb\/in-focus-lagerverwaltung\/\" target=\"_blank\">In focus: Lagerverwaltung<\/a><\/li>\r\n    <li><a href=\"https:\/\/help.animana.com\/de\/kb\/in-focus-abwicklung-einer-zahlung\/\" target=\"_blank\" rel=\"noopener\">In focus: Abwicklung einer Zahlung<\/a><\/li>\r\n<\/ul>\r\n            <\/div>\r\n        <\/div>\r\n<div class='homepage-flex-grid'>\r\n    <div class='homepage-col homepage-col--get' onclick='this.querySelector(\"a\").click(); return true;'><div class='homepage-block'><a href='https:\/\/software.idexx.co.uk\/integrations-partners\/' target='_blank' rel='noopener'><img src='\/wp-content\/themes\/knowall-idexx\/img\/icon-svg-cart.svg' \/><div class='homepage-block-title'>Get<\/div><div class='homepage-block-subtitle'>Partner und Integrationen<\/div><\/a><\/div><\/div>\r\n    <div class='homepage-col homepage-col--learn' onclick='this.querySelector(\"a\").click(); return true;'><div class='homepage-block'><a href='https:\/\/software.idexx.co.uk\/training\/' target='_blank' rel='noopener'><img src='\/wp-content\/themes\/knowall-idexx\/img\/icon-svg-knowledge.svg' \/><div class='homepage-block-title'>Learn<\/div><div class='homepage-block-subtitle'>Weiteres Lernen<\/div><\/a><\/div><\/div>\r\n    <div class='homepage-col homepage-col--status' onclick='this.querySelector(\"a\").click(); return true;'><div class='homepage-block'><a href='\/de\/status'><img src='\/wp-content\/themes\/knowall-idexx\/img\/icon-svg-pulse.svg' \/><div class='homepage-block-title'>Status<\/div><div class='homepage-block-subtitle'>Animana-Status<\/div><\/a><\/div><\/div>\r\n    <div class='homepage-col homepage-col--support' onclick='this.querySelector(\"a\").click(); return true;'><div class='homepage-block'><a href='\/de\/hilfe-durchsuchen\/'><img src='\/wp-content\/themes\/knowall-idexx\/img\/icon-svg-read.svg' \/><div class='homepage-block-title'>Support<\/div><div class='homepage-block-subtitle'>Hilfe durchsuchen<\/div><\/a><\/div><\/div>\r\n    <div class='homepage-col homepage-col--request' onclick='this.querySelector(\"a\").click(); return true;'><div class='homepage-block'><a href='\/de\/account-anfragen\/'><img src='\/wp-content\/themes\/knowall-idexx\/img\/icon-svg-bell.svg' \/><div class='homepage-block-title'>Request<\/div><div class='homepage-block-subtitle'>Anfragen zum Account<\/div><\/a><\/div><\/div>\r\n<\/div><\/div>\r\n<\/div>  \r\n\n<div class=\"su-spacer\" style=\"height:90px\"><\/div>\n<h1 class=\"homepage-section-title\">Erfahren Sie mehr von IDEXX Animana<\/h1>\n<div class=\"su-spacer\" style=\"height:70px\"><\/div>\n<div class=\"su-row\">\n<div class=\"su-column su-column-size-2-3\"><div class=\"su-column-inner su-u-clearfix su-u-trim\">\n<h2 class=\"homepage-section-title\">Die neuesten Hinweise und Tipps<\/h2>\n<p>Ob Sie neu sind oder Animana schon eine Weile verwenden \u2013 auf dieser Seite finden Sie eine F\u00fclle von Informationen. Sie werden garantiert etwas finden, das Ihre Animana-Erfahrung verbessert, sei es das Entdecken einer Best-Practice-Alternative oder das Erlernen einer neuen Tastenkombination.<br \/>\n<a href=\"https:\/\/software.idexx.de\/animana-hinweise-und-tipps\/\" class=\"su-button su-button-style-default kb-su-button\" style=\"color:#FFFFFF;background-color:#2D89EF;border-color:#246ec0;border-radius:7px\" target=\"_blank\" rel=\"noopener noreferrer\"><span style=\"color:#FFFFFF;padding:0px 20px;font-size:16px;line-height:32px;border-color:#6cadf4;border-radius:7px;text-shadow:none\"> Alle Hinweise und Tipps anzeigen<\/span><\/a>\n<\/div><\/div>\n<div class=\"su-column su-column-size-1-3\"><div class=\"su-column-inner su-u-clearfix su-u-trim\">\n<img decoding=\"async\" src=\"\/wp-content\/uploads\/homepage-block-image-tips.jpg\" \/><br \/>\n<\/div><\/div>\n<\/div>\n<div class=\"su-spacer\" style=\"height:110px\"><\/div>\n<div class=\"su-row\">\n<div class=\"su-column su-column-size-1-3\"><div class=\"su-column-inner su-u-clearfix su-u-trim\">\n<img decoding=\"async\" src=\"\/wp-content\/uploads\/homepage-block-image-releases-v2.jpg\" \/><br \/>\n<\/div><\/div>\n<div class=\"su-column su-column-size-2-3\"><div class=\"su-column-inner su-u-clearfix su-u-trim\">\n<h2 class=\"homepage-section-title\">Sehen Sie sich unsere neuesten Softwareversionen an<\/h2>\n<p>Das Animana-Team arbeitet st\u00e4ndig an der Verbesserung der Software und der Einf\u00fchrung neuer Merkmale und Funktionen. Da Animana cloudbasiert ist, m\u00fcssen Sie keinen Finger r\u00fchren, um sicherzustellen, dass Sie \u00fcber die neueste und sicherste Version verf\u00fcgen.<br \/>\n<a href=\"https:\/\/software.idexx.de\/category\/versionshinweise\/\" class=\"su-button su-button-style-default kb-su-button\" style=\"color:#FFFFFF;background-color:#2D89EF;border-color:#246ec0;border-radius:7px\" target=\"_blank\" rel=\"noopener noreferrer\"><span style=\"color:#FFFFFF;padding:0px 20px;font-size:16px;line-height:32px;border-color:#6cadf4;border-radius:7px;text-shadow:none\"> Lesen Sie unsere Versionshinweise<\/span><\/a>\n<\/div><\/div>\n<\/div>\n<div class=\"su-spacer\" style=\"height:110px\"><\/div>\n<div class=\"su-row\">\n<div class=\"su-column su-column-size-2-3\"><div class=\"su-column-inner su-u-clearfix su-u-trim\">\n<h2 class=\"homepage-section-title\">Entdecken Sie bew\u00e4hrte Verfahren und Ratschl\u00e4ge<\/h2>\n<p>Der &#8222;Blog&#8220;-Bereich unserer Website und der dazugeh\u00f6rige Newsletter werden regelm\u00e4\u00dfig mit den neuesten Tipps und bew\u00e4hrten Praktiken der Branche aktualisiert.<br \/>\n<a href=\"https:\/\/software.idexx.de\/blog\" class=\"su-button su-button-style-default kb-su-button\" style=\"color:#FFFFFF;background-color:#2D89EF;border-color:#246ec0;border-radius:7px\" target=\"_blank\" rel=\"noopener noreferrer\"><span style=\"color:#FFFFFF;padding:0px 20px;font-size:16px;line-height:32px;border-color:#6cadf4;border-radius:7px;text-shadow:none\"> Lesen Sie unsere neuesten Artikel<\/span><\/a>\n<\/div><\/div>\n<div class=\"su-column su-column-size-1-3\"><div class=\"su-column-inner su-u-clearfix su-u-trim\">\n<img decoding=\"async\" src=\"\/wp-content\/uploads\/homepage-block-image-blog.jpg\" \/><br \/>\n<\/div><\/div>\n<\/div>\n<div class=\"su-spacer\" style=\"height:100px\"><\/div>\n<div class=\"subscribe-wrap\"><div class=\"su-row\">\n<div class=\"su-column su-column-size-1-2\"><div class=\"su-column-inner su-u-clearfix su-u-trim\">\n<a href=\"https:\/\/help.animana.com\/wp-content\/uploads\/2402-newsletter.png\"><img loading=\"lazy\" decoding=\"async\" class=\"aligncenter size-full wp-image-50059\" src=\"https:\/\/help.animana.com\/wp-content\/uploads\/2402-newsletter.png\" alt=\"\" width=\"1920\" height=\"1080\" srcset=\"https:\/\/help.animana.com\/wp-content\/uploads\/2402-newsletter.png 1920w, https:\/\/help.animana.com\/wp-content\/uploads\/2402-newsletter-300x169.png 300w, https:\/\/help.animana.com\/wp-content\/uploads\/2402-newsletter-1024x576.png 1024w, https:\/\/help.animana.com\/wp-content\/uploads\/2402-newsletter-768x432.png 768w, https:\/\/help.animana.com\/wp-content\/uploads\/2402-newsletter-50x28.png 50w, https:\/\/help.animana.com\/wp-content\/uploads\/2402-newsletter-1536x864.png 1536w, https:\/\/help.animana.com\/wp-content\/uploads\/2402-newsletter-60x34.png 60w, https:\/\/help.animana.com\/wp-content\/uploads\/2402-newsletter-100x56.png 100w\" sizes=\"auto, (max-width: 1920px) 100vw, 1920px\" \/><\/a><br \/>\n<\/div><\/div>\n<div class=\"su-column su-column-size-1-2\"><div class=\"su-column-inner su-u-clearfix su-u-trim\">\n<h1>Abonnieren Sie den Newsletter<\/h1>\n<p>Wenn Sie den Newsletter abonnieren, erhalten Sie unsere neuesten Artikel, Informationen \u00fcber bevorstehende Webinare und Veranstaltungen, Produktaktualisierungen, Tipps und Tricks sowie Ratschl\u00e4ge zu bew\u00e4hrten Verfahren. Au\u00dferdem erhalten Sie Zugang zu weiteren lehrreichen und informativen Ressourcen.<\/p>\n<div class=\"su-button-center\"><a href=\"https:\/\/software.idexx.de\/newsletter-abonnement\/\" class=\"su-button su-button-style-default kb-su-button su-button-wide\" style=\"color:#FFFFFF;background-color:#2D89EF;border-color:#246ec0;border-radius:12px\" target=\"_blank\" rel=\"noopener noreferrer\"><span style=\"color:#FFFFFF;padding:0px 30px;font-size:22px;line-height:44px;border-color:#6cadf4;border-radius:12px;text-shadow:none\"> Jetzt abonnieren<small style=\"padding-bottom:9px;color:#FFFFFF\">den monatlichen Newsletter erhalten<\/small><\/span><\/a><\/div>\n<\/div><\/div>\n<\/div>\n<\/div>\n<div class=\"su-spacer\" style=\"height:125px\"><\/div>\n<style type='text\/css'>\t.ht-container.homepage-container {background: no-repeat right bottom\/contain url(\/wp-content\/plugins\/animana-help-plugin\/images\/animals\/banner-animal-v3-h-dog.jpg) }<\/style>\n","protected":false},"excerpt":{"rendered":"<p>Erfahren Sie mehr von IDEXX Animana<\/p>\n","protected":false},"author":2,"featured_media":0,"parent":0,"menu_order":0,"comment_status":"closed","ping_status":"closed","template":"","meta":{"footnotes":""},"categories":[],"tags":[],"class_list":["post-862","page","type-page","status-publish","hentry"],"_links":{"self":[{"href":"https:\/\/help.animana.com\/de\/wp-json\/wp\/v2\/pages\/862","targetHints":{"allow":["GET"]}}],"collection":[{"href":"https:\/\/help.animana.com\/de\/wp-json\/wp\/v2\/pages"}],"about":[{"href":"https:\/\/help.animana.com\/de\/wp-json\/wp\/v2\/types\/page"}],"author":[{"embeddable":true,"href":"https:\/\/help.animana.com\/de\/wp-json\/wp\/v2\/users\/2"}],"replies":[{"embeddable":true,"href":"https:\/\/help.animana.com\/de\/wp-json\/wp\/v2\/comments?post=862"}],"version-history":[{"count":3,"href":"https:\/\/help.animana.com\/de\/wp-json\/wp\/v2\/pages\/862\/revisions"}],"predecessor-version":[{"id":53720,"href":"https:\/\/help.animana.com\/de\/wp-json\/wp\/v2\/pages\/862\/revisions\/53720"}],"wp:attachment":[{"href":"https:\/\/help.animana.com\/de\/wp-json\/wp\/v2\/media?parent=862"}],"wp:term":[{"taxonomy":"category","embeddable":true,"href":"https:\/\/help.animana.com\/de\/wp-json\/wp\/v2\/categories?post=862"},{"taxonomy":"post_tag","embeddable":true,"href":"https:\/\/help.animana.com\/de\/wp-json\/wp\/v2\/tags?post=862"}],"curies":[{"name":"wp","href":"https:\/\/api.w.org\/{rel}","templated":true}]}}